{"id":153,"date":"2019-05-16T17:41:18","date_gmt":"2019-05-16T15:41:18","guid":{"rendered":"http:\/\/www.ecolelespetitsbateaux.com\/mentions-legales\/"},"modified":"2019-09-04T18:12:08","modified_gmt":"2019-09-04T16:12:08","slug":"mentions-legales","status":"publish","type":"page","link":"https:\/\/www.ecolelespetitsbateaux.com\/en\/mentions-legales\/","title":{"rendered":"Mentions l\u00e9gales"},"content":{"rendered":"<h2>Informations juridiques<\/h2>\n<p>\u00c9cole Montessori Bilingue Les Petits Bateaux<br \/>\n26 rue des Moulins, 50100 CHERBOURG-EN-COTENTIN<br \/>\nT. + 33 (0)6 65 13 17 56<\/p>\n<p>Directeur de publication : Fanny Chesnel.<br \/>\nResponsable \u00e9ditorial : Fanny Chesnel.<br \/>\nConception et d\u00e9veloppement : Le site a \u00e9t\u00e9 con\u00e7u et r\u00e9alis\u00e9 par l\u2019agence <a href=\"https:\/\/www.media-squad.fr\/\">Media Squad<\/a>.<br \/>\nCr\u00e9dit photos : Baptiste Almodovar.<br \/>\nH\u00e9bergement : OVH \u2013\u00a0 2 rue Kellermann \u2013 59100 ROUBAIX \u2013 France<\/p>\n<p>&nbsp;<\/p>\n<h2>Confidentialit\u00e9<\/h2>\n<p>Les informations personnelles concernant les visiteurs de notre site, y compris leur identit\u00e9, sont confidentielles. Le responsable du site s\u2019engage sur l\u2019honneur \u00e0 respecter les conditions l\u00e9gales de confidentialit\u00e9 applicables en France et \u00e0 ne pas divulguer ces informations \u00e0 des tiers.<\/p>\n<p>&nbsp;<\/p>\n<h2>DONN\u00c9ES PERSONNELLES<\/h2>\n<p>Les informations recueillies sont destin\u00e9es \u00e0 l&#8217;\u00c9cole Montessori Bilingue Les Petits Bateaux. Elles sont utilis\u00e9es pour suivre et r\u00e9pondre aux demandes d\u2019informations des prospects.<\/p>\n<p>Le traitement des donn\u00e9es personnelles est encadr\u00e9 par la dispense n\u00b07 de la d\u00e9lib\u00e9ration n\u00b02006-138 du 9 mai 2006 de la Commission nationale informatique et libert\u00e9.<\/p>\n<p>Conform\u00e9ment \u00e0 la loi N\u00b0 78-17 du 6 janvier 1978 relative \u00e0 l\u2019informatique, aux fichiers et aux libert\u00e9s, vous pouvez acc\u00e9der \u00e0 vos donn\u00e9es personnelles en prenant contact avec :<\/p>\n<p>\u00c9cole Montessori Bilingue Les Petits Bateaux, 15 rue de la Bucaille, 50100 CHERBOURG-EN-COTENTIN T. + 33 (0)6 65 13 17 56 \u2013 <a  href=\"http:\/\/www.ecolelespetitsbateaux.com\/en-pratique\/contact\/\">Nous contacter par mail<\/a><\/p>\n<p>L\u2019utilisateur est inform\u00e9 que lors de ses visites sur le site, un cookie peut s\u2019installer automatiquement sur son logiciel de navigation. Un cookie est un \u00e9l\u00e9ment qui ne permet pas d\u2019identifier l\u2019utilisateur mais sert \u00e0 enregistrer des informations relatives \u00e0 la navigation de celui-ci sur le site Internet. Le param\u00e9trage de votre logiciel de navigation permet d\u2019informer de la pr\u00e9sence de cookies et \u00e9ventuellement de la refuser selon la proc\u00e9dure d\u00e9crite \u00e0 l\u2019adresse suivante : www.cnil.fr.<\/p>\n<p>\u00c0 tout moment, vous disposez d\u2019un droit d\u2019acc\u00e8s \u00e0 vos donn\u00e9es personnelles conserv\u00e9es par notre site Web. Pour cela, nous vous invitons \u00e0 <a  href=\"http:\/\/www.ecolelespetitsbateaux.com\/en-pratique\/contact\/\">nous contacter par mail<\/a>.<\/p>\n<p>Vous pouvez \u00e9galement demander \u00e0 tout moment la modification ou la suppression des donn\u00e9es personnelles vous concernant. Cela ne prend pas en compte les donn\u00e9es stock\u00e9es \u00e0 des fins administratives, l\u00e9gales ou pour des raisons de s\u00e9curit\u00e9.<\/p>\n<p>&nbsp;<\/p>\n<h2>Liens et retroliens<\/h2>\n<p>Les liens pr\u00e9sents sur le site peuvent orienter le lecteur sur des sites ext\u00e9rieurs dont le contenu ne peut engager la responsabilit\u00e9 de l\u2019\u00e9diteur du site.<\/p>\n<p>&nbsp;<\/p>\n<h2>Propri\u00e9t\u00e9 intellectuelle<\/h2>\n<p>Le site Internet et chaque \u00e9l\u00e9ment qui le compose sont prot\u00e9g\u00e9s et soumis aux dispositions du Code de la propri\u00e9t\u00e9 intellectuelle. Ils sont la propri\u00e9t\u00e9 exclusive de l&#8217;\u00c9cole Montessori Bilingue Les Petits Bateaux.<\/p>\n<p>Toute reproduction, repr\u00e9sentation, modification, traduction et\/ou adaptation, en tout ou partie, \u00e0 titre on\u00e9reux ou gratuit, du site Internet et de chacun de ses \u00e9l\u00e9ments pour un usage autre que priv\u00e9 est strictement interdite.<\/p>\n<p>&nbsp;<\/p>\n<h2>Illustrations, images, plans et photographies<\/h2>\n<p>Ces documents sont fournis \u00e0 titre d\u2019exemple. Des modifications sont susceptibles d\u2019\u00eatre apport\u00e9es par l&#8217;\u00c9cole Montessori Bilingue Les Petits Bateaux aux dits documents en fonction des n\u00e9cessit\u00e9s techniques de r\u00e9alisation. Ces documents n\u2019ont qu\u2019une valeur indicative et ne sont pas contractuels. La responsabilit\u00e9 de l&#8217;\u00c9cole Montessori Bilingue Les Petits Bateaux ne pourra donc en aucun cas \u00eatre retenue si tout ou partie des informations s\u2019av\u00e9raient \u00eatre erron\u00e9es.<\/p>\n<p>&nbsp;<\/p>\n<h2>Limitation de responsabilit\u00e9<\/h2>\n<p>l&#8217;\u00c9cole Montessori Bilingue Les Petits Bateaux ne pourra en aucun cas \u00eatre tenue pour responsable de toute mauvaise utilisation par le client du site Internet. l&#8217;\u00c9cole Montessori Bilingue Les Petits Bateaux ne garantit pas que le site Internet puisse \u00eatre accessible de mani\u00e8re continue et ne pourra \u00eatre tenue pour responsable de toute interruption ou indisponibilit\u00e9 temporaire du service qu\u2019elle qu\u2019en soit la cause.<\/p>\n<p>&nbsp;<\/p>\n","protected":false},"excerpt":{"rendered":"<p>Informations juridiques \u00c9cole Montessori Bilingue Les Petits Bateaux 26 rue des Moulins, 50100 CHERBOURG-EN-COTENTIN T. + 33 (0)6 65 13 17 56 Directeur de publication : Fanny Chesnel. Responsable \u00e9ditorial [&hellip;]<\/p>\n","protected":false},"author":1,"featured_media":0,"parent":0,"menu_order":0,"comment_status":"closed","ping_status":"closed","template":"","meta":[],"yoast_head":"<!-- This site is optimized with the Yoast SEO plugin v20.12 - https:\/\/yoast.com\/wordpress\/plugins\/seo\/ -->\n<title>Mentions l\u00e9gales - Ecole Les Petits Bateaux<\/title>\n<meta name=\"robots\" content=\"index, follow, max-snippet:-1, max-image-preview:large, max-video-preview:-1\" \/>\n<link rel=\"canonical\" href=\"https:\/\/www.ecolelespetitsbateaux.com\/en\/mentions-legales\/\" \/>\n<meta property=\"og:locale\" content=\"en_US\" \/>\n<meta property=\"og:type\" content=\"article\" \/>\n<meta property=\"og:title\" content=\"Mentions l\u00e9gales - Ecole Les Petits Bateaux\" \/>\n<meta property=\"og:description\" content=\"Informations juridiques \u00c9cole Montessori Bilingue Les Petits Bateaux 26 rue des Moulins, 50100 CHERBOURG-EN-COTENTIN T. + 33 (0)6 65 13 17 56 Directeur de publication : Fanny Chesnel. Responsable \u00e9ditorial [&hellip;]\" \/>\n<meta property=\"og:url\" content=\"https:\/\/www.ecolelespetitsbateaux.com\/en\/mentions-legales\/\" \/>\n<meta property=\"og:site_name\" content=\"Ecole Les Petits Bateaux\" \/>\n<meta property=\"article:modified_time\" content=\"2019-09-04T16:12:08+00:00\" \/>\n<meta name=\"twitter:card\" content=\"summary_large_image\" \/>\n<meta name=\"twitter:label1\" content=\"Est. reading time\" \/>\n\t<meta name=\"twitter:data1\" content=\"3 minutes\" \/>\n<script type=\"application\/ld+json\" class=\"yoast-schema-graph\">{\"@context\":\"https:\/\/schema.org\",\"@graph\":[{\"@type\":\"WebPage\",\"@id\":\"https:\/\/www.ecolelespetitsbateaux.com\/en\/mentions-legales\/\",\"url\":\"https:\/\/www.ecolelespetitsbateaux.com\/en\/mentions-legales\/\",\"name\":\"Mentions l\u00e9gales - Ecole Les Petits Bateaux\",\"isPartOf\":{\"@id\":\"https:\/\/www.ecolelespetitsbateaux.com\/#website\"},\"datePublished\":\"2019-05-16T15:41:18+00:00\",\"dateModified\":\"2019-09-04T16:12:08+00:00\",\"breadcrumb\":{\"@id\":\"https:\/\/www.ecolelespetitsbateaux.com\/en\/mentions-legales\/#breadcrumb\"},\"inLanguage\":\"en-US\",\"potentialAction\":[{\"@type\":\"ReadAction\",\"target\":[\"https:\/\/www.ecolelespetitsbateaux.com\/en\/mentions-legales\/\"]}]},{\"@type\":\"BreadcrumbList\",\"@id\":\"https:\/\/www.ecolelespetitsbateaux.com\/en\/mentions-legales\/#breadcrumb\",\"itemListElement\":[{\"@type\":\"ListItem\",\"position\":1,\"name\":\"Accueil\",\"item\":\"https:\/\/www.ecolelespetitsbateaux.com\/en\/\"},{\"@type\":\"ListItem\",\"position\":2,\"name\":\"Mentions l\u00e9gales\"}]},{\"@type\":\"WebSite\",\"@id\":\"https:\/\/www.ecolelespetitsbateaux.com\/#website\",\"url\":\"https:\/\/www.ecolelespetitsbateaux.com\/\",\"name\":\"Ecole Les Petits Bateaux\",\"description\":\"\",\"potentialAction\":[{\"@type\":\"SearchAction\",\"target\":{\"@type\":\"EntryPoint\",\"urlTemplate\":\"https:\/\/www.ecolelespetitsbateaux.com\/?s={search_term_string}\"},\"query-input\":\"required name=search_term_string\"}],\"inLanguage\":\"en-US\"}]}<\/script>\n<!-- \/ Yoast SEO plugin. -->","yoast_head_json":{"title":"Mentions l\u00e9gales - Ecole Les Petits Bateaux","robots":{"index":"index","follow":"follow","max-snippet":"max-snippet:-1","max-image-preview":"max-image-preview:large","max-video-preview":"max-video-preview:-1"},"canonical":"https:\/\/www.ecolelespetitsbateaux.com\/en\/mentions-legales\/","og_locale":"en_US","og_type":"article","og_title":"Mentions l\u00e9gales - Ecole Les Petits Bateaux","og_description":"Informations juridiques \u00c9cole Montessori Bilingue Les Petits Bateaux 26 rue des Moulins, 50100 CHERBOURG-EN-COTENTIN T. + 33 (0)6 65 13 17 56 Directeur de publication : Fanny Chesnel. Responsable \u00e9ditorial [&hellip;]","og_url":"https:\/\/www.ecolelespetitsbateaux.com\/en\/mentions-legales\/","og_site_name":"Ecole Les Petits Bateaux","article_modified_time":"2019-09-04T16:12:08+00:00","twitter_card":"summary_large_image","twitter_misc":{"Est. reading time":"3 minutes"},"schema":{"@context":"https:\/\/schema.org","@graph":[{"@type":"WebPage","@id":"https:\/\/www.ecolelespetitsbateaux.com\/en\/mentions-legales\/","url":"https:\/\/www.ecolelespetitsbateaux.com\/en\/mentions-legales\/","name":"Mentions l\u00e9gales - Ecole Les Petits Bateaux","isPartOf":{"@id":"https:\/\/www.ecolelespetitsbateaux.com\/#website"},"datePublished":"2019-05-16T15:41:18+00:00","dateModified":"2019-09-04T16:12:08+00:00","breadcrumb":{"@id":"https:\/\/www.ecolelespetitsbateaux.com\/en\/mentions-legales\/#breadcrumb"},"inLanguage":"en-US","potentialAction":[{"@type":"ReadAction","target":["https:\/\/www.ecolelespetitsbateaux.com\/en\/mentions-legales\/"]}]},{"@type":"BreadcrumbList","@id":"https:\/\/www.ecolelespetitsbateaux.com\/en\/mentions-legales\/#breadcrumb","itemListElement":[{"@type":"ListItem","position":1,"name":"Accueil","item":"https:\/\/www.ecolelespetitsbateaux.com\/en\/"},{"@type":"ListItem","position":2,"name":"Mentions l\u00e9gales"}]},{"@type":"WebSite","@id":"https:\/\/www.ecolelespetitsbateaux.com\/#website","url":"https:\/\/www.ecolelespetitsbateaux.com\/","name":"Ecole Les Petits Bateaux","description":"","potentialAction":[{"@type":"SearchAction","target":{"@type":"EntryPoint","urlTemplate":"https:\/\/www.ecolelespetitsbateaux.com\/?s={search_term_string}"},"query-input":"required name=search_term_string"}],"inLanguage":"en-US"}]}},"_links":{"self":[{"href":"https:\/\/www.ecolelespetitsbateaux.com\/en\/wp-json\/wp\/v2\/pages\/153"}],"collection":[{"href":"https:\/\/www.ecolelespetitsbateaux.com\/en\/wp-json\/wp\/v2\/pages"}],"about":[{"href":"https:\/\/www.ecolelespetitsbateaux.com\/en\/wp-json\/wp\/v2\/types\/page"}],"author":[{"embeddable":true,"href":"https:\/\/www.ecolelespetitsbateaux.com\/en\/wp-json\/wp\/v2\/users\/1"}],"replies":[{"embeddable":true,"href":"https:\/\/www.ecolelespetitsbateaux.com\/en\/wp-json\/wp\/v2\/comments?post=153"}],"version-history":[{"count":1,"href":"https:\/\/www.ecolelespetitsbateaux.com\/en\/wp-json\/wp\/v2\/pages\/153\/revisions"}],"predecessor-version":[{"id":204,"href":"https:\/\/www.ecolelespetitsbateaux.com\/en\/wp-json\/wp\/v2\/pages\/153\/revisions\/204"}],"wp:attachment":[{"href":"https:\/\/www.ecolelespetitsbateaux.com\/en\/wp-json\/wp\/v2\/media?parent=153"}],"curies":[{"name":"wp","href":"https:\/\/api.w.org\/{rel}","templated":true}]}}